{"id":3849,"date":"2024-02-27T09:54:42","date_gmt":"2024-02-27T08:54:42","guid":{"rendered":"https:\/\/www.torre-pro.com\/?page_id=3849"},"modified":"2024-04-25T16:04:35","modified_gmt":"2024-04-25T14:04:35","slug":"service-qualite","status":"publish","type":"page","link":"https:\/\/www.torre-pro.com\/index.php\/service-qualite\/","title":{"rendered":"SERVICE QUALIT\u00c9"},"content":{"rendered":"\t\t<div data-elementor-type=\"wp-page\" data-elementor-id=\"3849\" class=\"elementor elementor-3849\">\n\t\t\t\t<div class=\"elementor-element elementor-element-51286d0 e-flex e-con-boxed e-con e-parent\" data-id=\"51286d0\" data-element_type=\"container\" data-e-type=\"container\">\n\t\t\t\t\t<div class=\"e-con-inner\">\n\t\t<div class=\"elementor-element elementor-element-85162f4 e-flex e-con-boxed e-con e-child\" data-id=\"85162f4\" data-element_type=\"container\" data-e-type=\"container\">\n\t\t\t\t\t<div class=\"e-con-inner\">\n\t\t<div class=\"elementor-element elementor-element-a9064eb e-flex e-con-boxed e-con e-child\" data-id=\"a9064eb\" data-element_type=\"container\" data-e-type=\"container\">\n\t\t\t\t\t<div class=\"e-con-inner\">\n\t\t<div class=\"elementor-element elementor-element-a377831 e-flex e-con-boxed e-con e-child\" data-id=\"a377831\" data-element_type=\"container\" data-e-type=\"container\">\n\t\t\t\t\t<div class=\"e-con-inner\">\n\t\t\t\t<div class=\"elementor-element elementor-element-c024f79 elementor-widget-divider--view-line_text elementor-widget-divider--element-align-center elementor-widget elementor-widget-divider\" data-id=\"c024f79\" data-element_type=\"widget\" data-e-type=\"widget\" data-widget_type=\"divider.default\">\n\t\t\t\t<div class=\"elementor-widget-container\">\n\t\t\t\t\t\t\t<div class=\"elementor-divider\">\n\t\t\t<span class=\"elementor-divider-separator\">\n\t\t\t\t\t\t\t<h5 class=\"elementor-divider__text elementor-divider__element\">\n\t\t\t\tNOTRE SERVICE QUALIT\u00e9\t\t\t\t<\/h5>\n\t\t\t\t\t\t<\/span>\n\t\t<\/div>\n\t\t\t\t\t\t<\/div>\n\t\t\t\t<\/div>\n\t\t\t\t\t<\/div>\n\t\t\t\t<\/div>\n\t\t\t\t\t<\/div>\n\t\t\t\t<\/div>\n\t\t\t\t\t<\/div>\n\t\t\t\t<\/div>\n\t\t\t\t\t<\/div>\n\t\t\t\t<\/div>\n\t\t<div class=\"elementor-element elementor-element-a2c7b86 e-flex e-con-boxed e-con e-parent\" data-id=\"a2c7b86\" data-element_type=\"container\" data-e-type=\"container\">\n\t\t\t\t\t<div class=\"e-con-inner\">\n\t\t<div class=\"elementor-element elementor-element-7812ffa e-con-full e-flex e-con e-child\" data-id=\"7812ffa\" data-element_type=\"container\" data-e-type=\"container\" data-settings=\"{&quot;background_background&quot;:&quot;classic&quot;}\">\n\t\t<div class=\"elementor-element elementor-element-1acbe0d e-con-full e-flex e-con e-child\" data-id=\"1acbe0d\" data-element_type=\"container\" data-e-type=\"container\">\n\t\t\t\t<div class=\"elementor-element elementor-element-c185214 elementor-widget elementor-widget-image\" data-id=\"c185214\" data-element_type=\"widget\" data-e-type=\"widget\" data-widget_type=\"image.default\">\n\t\t\t\t<div class=\"elementor-widget-container\">\n\t\t\t\t\t\t\t\t\t\t\t\t\t\t\t<img decoding=\"async\" src=\"https:\/\/www.torre-pro.com\/wp-content\/uploads\/2024\/02\/IMG_1637_batcheditor_fotor.jpg\" title=\"IMG_1637_batcheditor_fotor\" alt=\"IMG_1637_batcheditor_fotor\" loading=\"lazy\" \/>\t\t\t\t\t\t\t\t\t\t\t\t\t\t\t<\/div>\n\t\t\t\t<\/div>\n\t\t\t\t<\/div>\n\t\t<div class=\"elementor-element elementor-element-5b431d0 e-con-full e-flex e-con e-child\" data-id=\"5b431d0\" data-element_type=\"container\" data-e-type=\"container\">\n\t\t<div class=\"elementor-element elementor-element-94e9a01 e-flex e-con-boxed e-con e-child\" data-id=\"94e9a01\" data-element_type=\"container\" data-e-type=\"container\" data-settings=\"{&quot;background_background&quot;:&quot;classic&quot;}\">\n\t\t\t\t\t<div class=\"e-con-inner\">\n\t\t\t\t<div class=\"elementor-element elementor-element-2d3a35c elementor-widget elementor-widget-heading\" data-id=\"2d3a35c\" data-element_type=\"widget\" data-e-type=\"widget\" data-widget_type=\"heading.default\">\n\t\t\t\t<div class=\"elementor-widget-container\">\n\t\t\t\t\t<h5 class=\"elementor-heading-title elementor-size-default\">TORRE, UN TRAVAIL TECHNOLOGIQUE ET ARTISANAL\n<\/h5>\t\t\t\t<\/div>\n\t\t\t\t<\/div>\n\t\t\t\t\t<\/div>\n\t\t\t\t<\/div>\n\t\t<div class=\"elementor-element elementor-element-01f53f7 e-flex e-con-boxed e-con e-child\" data-id=\"01f53f7\" data-element_type=\"container\" data-e-type=\"container\">\n\t\t\t\t\t<div class=\"e-con-inner\">\n\t\t\t\t<div class=\"elementor-element elementor-element-503316f elementor-widget elementor-widget-text-editor\" data-id=\"503316f\" data-element_type=\"widget\" data-e-type=\"widget\" data-widget_type=\"text-editor.default\">\n\t\t\t\t<div class=\"elementor-widget-container\">\n\t\t\t\t\t\t\t\t\t<p><span style=\"font-weight: 400;\">Du choix de la pierre jusqu\u2019\u00e0 son installation chez le client, notre \u00e9quipe exp\u00e9riment\u00e9e utilise des \u00e9quipements technologiquement avanc\u00e9s pour fournir un produit de qualit\u00e9 sup\u00e9rieure.<\/span><\/p>\t\t\t\t\t\t\t\t<\/div>\n\t\t\t\t<\/div>\n\t\t\t\t\t<\/div>\n\t\t\t\t<\/div>\n\t\t\t\t<\/div>\n\t\t\t\t<\/div>\n\t\t\t\t\t<\/div>\n\t\t\t\t<\/div>\n\t\t<div class=\"elementor-element elementor-element-0e9a627 e-con-full e-flex e-con e-parent\" data-id=\"0e9a627\" data-element_type=\"container\" data-e-type=\"container\" data-settings=\"{&quot;background_background&quot;:&quot;classic&quot;}\">\n\t\t<div class=\"elementor-element elementor-element-b2c3e9b e-con-full e-flex e-con e-child\" data-id=\"b2c3e9b\" data-element_type=\"container\" data-e-type=\"container\">\n\t\t\t\t<div class=\"elementor-element elementor-element-7312499 elementor-widget elementor-widget-image\" data-id=\"7312499\" data-element_type=\"widget\" data-e-type=\"widget\" data-widget_type=\"image.default\">\n\t\t\t\t<div class=\"elementor-widget-container\">\n\t\t\t\t\t\t\t\t\t\t\t\t\t\t\t<img decoding=\"async\" src=\"https:\/\/www.torre-pro.com\/wp-content\/uploads\/2024\/02\/aa18ebd4-68d5-4020-9124-7c24de4a6bff_batcheditor_fotor.jpeg\" title=\"aa18ebd4-68d5-4020-9124-7c24de4a6bff_batcheditor_fotor\" alt=\"aa18ebd4-68d5-4020-9124-7c24de4a6bff_batcheditor_fotor\" loading=\"lazy\" \/>\t\t\t\t\t\t\t\t\t\t\t\t\t\t\t<\/div>\n\t\t\t\t<\/div>\n\t\t\t\t<\/div>\n\t\t<div class=\"elementor-element elementor-element-28c9ddd e-con-full e-flex e-con e-child\" data-id=\"28c9ddd\" data-element_type=\"container\" data-e-type=\"container\">\n\t\t<div class=\"elementor-element elementor-element-91ac299 e-flex e-con-boxed e-con e-child\" data-id=\"91ac299\" data-element_type=\"container\" data-e-type=\"container\" data-settings=\"{&quot;background_background&quot;:&quot;classic&quot;}\">\n\t\t\t\t\t<div class=\"e-con-inner\">\n\t\t\t\t<div class=\"elementor-element elementor-element-dd9514c elementor-widget elementor-widget-heading\" data-id=\"dd9514c\" data-element_type=\"widget\" data-e-type=\"widget\" data-widget_type=\"heading.default\">\n\t\t\t\t<div class=\"elementor-widget-container\">\n\t\t\t\t\t<h5 class=\"elementor-heading-title elementor-size-default\">Coupe d'onglet<\/h5>\t\t\t\t<\/div>\n\t\t\t\t<\/div>\n\t\t\t\t\t<\/div>\n\t\t\t\t<\/div>\n\t\t<div class=\"elementor-element elementor-element-7413487 e-flex e-con-boxed e-con e-child\" data-id=\"7413487\" data-element_type=\"container\" data-e-type=\"container\">\n\t\t\t\t\t<div class=\"e-con-inner\">\n\t\t\t\t<div class=\"elementor-element elementor-element-756cc5b elementor-widget elementor-widget-text-editor\" data-id=\"756cc5b\" data-element_type=\"widget\" data-e-type=\"widget\" data-widget_type=\"text-editor.default\">\n\t\t\t\t<div class=\"elementor-widget-container\">\n\t\t\t\t\t\t\t\t\t<p>Cette technique de d\u00e9coupe et de collage \u00e0 45 degr\u00e9s est utilis\u00e9e pour valoriser les projets de nos clients:<br \/>&#8211; jambages, cr\u00e9dences et \u00e9viers int\u00e9gr\u00e9s au plan de travail.<\/p><p>Le suivi de veinage (en option) permet d&rsquo;apporter un esth\u00e9tique plus abouti.\u00a0<\/p><p>.<\/p>\t\t\t\t\t\t\t\t<\/div>\n\t\t\t\t<\/div>\n\t\t\t\t\t<\/div>\n\t\t\t\t<\/div>\n\t\t\t\t<\/div>\n\t\t\t\t<\/div>\n\t\t<div class=\"elementor-element elementor-element-03fb50f e-con-full e-flex e-con e-parent\" data-id=\"03fb50f\" data-element_type=\"container\" data-e-type=\"container\" data-settings=\"{&quot;background_background&quot;:&quot;classic&quot;}\">\n\t\t<div class=\"elementor-element elementor-element-d298e3b e-con-full e-flex e-con e-child\" data-id=\"d298e3b\" data-element_type=\"container\" data-e-type=\"container\">\n\t\t\t\t<div class=\"elementor-element elementor-element-fb1be85 elementor-widget elementor-widget-image\" data-id=\"fb1be85\" data-element_type=\"widget\" data-e-type=\"widget\" data-widget_type=\"image.default\">\n\t\t\t\t<div class=\"elementor-widget-container\">\n\t\t\t\t\t\t\t\t\t\t\t\t\t\t\t<img decoding=\"async\" src=\"https:\/\/www.torre-pro.com\/wp-content\/uploads\/2024\/03\/PHOTO-2024-03-07-14-35-00.jpg\" title=\"PHOTO-2024-03-07-14-35-00\" alt=\"PHOTO-2024-03-07-14-35-00\" loading=\"lazy\" \/>\t\t\t\t\t\t\t\t\t\t\t\t\t\t\t<\/div>\n\t\t\t\t<\/div>\n\t\t\t\t<\/div>\n\t\t<div class=\"elementor-element elementor-element-9585eb7 e-con-full e-flex e-con e-child\" data-id=\"9585eb7\" data-element_type=\"container\" data-e-type=\"container\">\n\t\t<div class=\"elementor-element elementor-element-d67b1f7 e-flex e-con-boxed e-con e-child\" data-id=\"d67b1f7\" data-element_type=\"container\" data-e-type=\"container\" data-settings=\"{&quot;background_background&quot;:&quot;classic&quot;}\">\n\t\t\t\t\t<div class=\"e-con-inner\">\n\t\t\t\t<div class=\"elementor-element elementor-element-9b7b59b elementor-widget elementor-widget-heading\" data-id=\"9b7b59b\" data-element_type=\"widget\" data-e-type=\"widget\" data-widget_type=\"heading.default\">\n\t\t\t\t<div class=\"elementor-widget-container\">\n\t\t\t\t\t<h5 class=\"elementor-heading-title elementor-size-default\">Joints d'assemblage<\/h5>\t\t\t\t<\/div>\n\t\t\t\t<\/div>\n\t\t\t\t\t<\/div>\n\t\t\t\t<\/div>\n\t\t<div class=\"elementor-element elementor-element-8248759 e-flex e-con-boxed e-con e-child\" data-id=\"8248759\" data-element_type=\"container\" data-e-type=\"container\">\n\t\t\t\t\t<div class=\"e-con-inner\">\n\t\t\t\t<div class=\"elementor-element elementor-element-1df9920 elementor-widget elementor-widget-text-editor\" data-id=\"1df9920\" data-element_type=\"widget\" data-e-type=\"widget\" data-widget_type=\"text-editor.default\">\n\t\t\t\t<div class=\"elementor-widget-container\">\n\t\t\t\t\t\t\t\t\t<p>En usine nous faisons une finition au niveau de tous les assemblages des plans de travail pour avoir un rendu final de haute qualit\u00e9: joints bord \u00e0 bord quasi invisibles.<\/p>\t\t\t\t\t\t\t\t<\/div>\n\t\t\t\t<\/div>\n\t\t\t\t\t<\/div>\n\t\t\t\t<\/div>\n\t\t\t\t<\/div>\n\t\t\t\t<\/div>\n\t\t<div class=\"elementor-element elementor-element-181f727 e-con-full e-flex e-con e-parent\" data-id=\"181f727\" data-element_type=\"container\" data-e-type=\"container\" data-settings=\"{&quot;background_background&quot;:&quot;classic&quot;}\">\n\t\t<div class=\"elementor-element elementor-element-28e01e1 e-con-full e-flex e-con e-child\" data-id=\"28e01e1\" data-element_type=\"container\" data-e-type=\"container\">\n\t\t\t\t<div class=\"elementor-element elementor-element-5cd37ed elementor-widget elementor-widget-image\" data-id=\"5cd37ed\" data-element_type=\"widget\" data-e-type=\"widget\" data-widget_type=\"image.default\">\n\t\t\t\t<div class=\"elementor-widget-container\">\n\t\t\t\t\t\t\t\t\t\t\t\t\t\t\t<img decoding=\"async\" src=\"https:\/\/www.torre-pro.com\/wp-content\/uploads\/2024\/02\/PHOTO-2024-01-15-20-55-15_batcheditor_fotor.jpg\" title=\"PHOTO-2024-01-15-20-55-15_batcheditor_fotor\" alt=\"PHOTO-2024-01-15-20-55-15_batcheditor_fotor\" loading=\"lazy\" \/>\t\t\t\t\t\t\t\t\t\t\t\t\t\t\t<\/div>\n\t\t\t\t<\/div>\n\t\t\t\t<\/div>\n\t\t<div class=\"elementor-element elementor-element-e8441d3 e-con-full e-flex e-con e-child\" data-id=\"e8441d3\" data-element_type=\"container\" data-e-type=\"container\">\n\t\t<div class=\"elementor-element elementor-element-11b5d34 e-flex e-con-boxed e-con e-child\" data-id=\"11b5d34\" data-element_type=\"container\" data-e-type=\"container\" data-settings=\"{&quot;background_background&quot;:&quot;classic&quot;}\">\n\t\t\t\t\t<div class=\"e-con-inner\">\n\t\t\t\t<div class=\"elementor-element elementor-element-dea7864 elementor-widget elementor-widget-heading\" data-id=\"dea7864\" data-element_type=\"widget\" data-e-type=\"widget\" data-widget_type=\"heading.default\">\n\t\t\t\t<div class=\"elementor-widget-container\">\n\t\t\t\t\t<h5 class=\"elementor-heading-title elementor-size-default\">Eviers<\/h5>\t\t\t\t<\/div>\n\t\t\t\t<\/div>\n\t\t\t\t\t<\/div>\n\t\t\t\t<\/div>\n\t\t<div class=\"elementor-element elementor-element-b012b2f e-flex e-con-boxed e-con e-child\" data-id=\"b012b2f\" data-element_type=\"container\" data-e-type=\"container\">\n\t\t\t\t\t<div class=\"e-con-inner\">\n\t\t\t\t<div class=\"elementor-element elementor-element-2530509 elementor-widget elementor-widget-text-editor\" data-id=\"2530509\" data-element_type=\"widget\" data-e-type=\"widget\" data-widget_type=\"text-editor.default\">\n\t\t\t\t<div class=\"elementor-widget-container\">\n\t\t\t\t\t\t\t\t\t<p>Dans toute notre gamme (pierre naturelle, c\u00e9ramique et quartz) nous proposons des \u00e9viers dans la m\u00eame mati\u00e8re que le plan de travail.<\/p>\t\t\t\t\t\t\t\t<\/div>\n\t\t\t\t<\/div>\n\t\t\t\t\t<\/div>\n\t\t\t\t<\/div>\n\t\t\t\t<\/div>\n\t\t\t\t<\/div>\n\t\t<div class=\"elementor-element elementor-element-5f958e6 e-con-full e-flex e-con e-parent\" data-id=\"5f958e6\" data-element_type=\"container\" data-e-type=\"container\" data-settings=\"{&quot;background_background&quot;:&quot;classic&quot;}\">\n\t\t<div class=\"elementor-element elementor-element-0db97a3 e-con-full e-flex e-con e-child\" data-id=\"0db97a3\" data-element_type=\"container\" data-e-type=\"container\">\n\t\t\t\t<div class=\"elementor-element elementor-element-2f0674f elementor-widget elementor-widget-image\" data-id=\"2f0674f\" data-element_type=\"widget\" data-e-type=\"widget\" data-widget_type=\"image.default\">\n\t\t\t\t<div class=\"elementor-widget-container\">\n\t\t\t\t\t\t\t\t\t\t\t\t<figure class=\"wp-caption\">\n\t\t\t\t\t\t\t\t\t\t<img decoding=\"async\" src=\"https:\/\/www.torre-pro.com\/wp-content\/uploads\/2024\/02\/eviers_batcheditor_fotor.png\" title=\"eviers_batcheditor_fotor\" alt=\"eviers_batcheditor_fotor\" loading=\"lazy\" \/>\t\t\t\t\t\t\t\t\t\t\t<figcaption class=\"widget-image-caption wp-caption-text\"><\/figcaption>\n\t\t\t\t\t\t\t\t\t\t<\/figure>\n\t\t\t\t\t\t\t\t\t<\/div>\n\t\t\t\t<\/div>\n\t\t\t\t<\/div>\n\t\t<div class=\"elementor-element elementor-element-2c7fac1 e-con-full e-flex e-con e-child\" data-id=\"2c7fac1\" data-element_type=\"container\" data-e-type=\"container\">\n\t\t<div class=\"elementor-element elementor-element-768162e e-flex e-con-boxed e-con e-child\" data-id=\"768162e\" data-element_type=\"container\" data-e-type=\"container\" data-settings=\"{&quot;background_background&quot;:&quot;classic&quot;}\">\n\t\t\t\t\t<div class=\"e-con-inner\">\n\t\t\t\t<div class=\"elementor-element elementor-element-303462d elementor-widget elementor-widget-heading\" data-id=\"303462d\" data-element_type=\"widget\" data-e-type=\"widget\" data-widget_type=\"heading.default\">\n\t\t\t\t<div class=\"elementor-widget-container\">\n\t\t\t\t\t<h5 class=\"elementor-heading-title elementor-size-default\">Timbres d'Office<\/h5>\t\t\t\t<\/div>\n\t\t\t\t<\/div>\n\t\t\t\t\t<\/div>\n\t\t\t\t<\/div>\n\t\t<div class=\"elementor-element elementor-element-bdfa4ff e-flex e-con-boxed e-con e-child\" data-id=\"bdfa4ff\" data-element_type=\"container\" data-e-type=\"container\">\n\t\t\t\t\t<div class=\"e-con-inner\">\n\t\t\t\t<div class=\"elementor-element elementor-element-00b9351 elementor-widget elementor-widget-text-editor\" data-id=\"00b9351\" data-element_type=\"widget\" data-e-type=\"widget\" data-widget_type=\"text-editor.default\">\n\t\t\t\t<div class=\"elementor-widget-container\">\n\t\t\t\t\t\t\t\t\t<p>Nos timbres d\u2019office sont \u00e9galement disponibles sur mesure dans toutes les r\u00e9f\u00e9rences de notre gamme.<\/p>\t\t\t\t\t\t\t\t<\/div>\n\t\t\t\t<\/div>\n\t\t\t\t\t<\/div>\n\t\t\t\t<\/div>\n\t\t\t\t<\/div>\n\t\t\t\t<\/div>\n\t\t<div class=\"elementor-element elementor-element-d35a4d2 e-flex e-con-boxed e-con e-parent\" data-id=\"d35a4d2\" data-element_type=\"container\" data-e-type=\"container\">\n\t\t\t\t\t<div class=\"e-con-inner\">\n\t\t<div class=\"elementor-element elementor-element-8dc1ce3 e-con-full e-flex e-con e-child\" data-id=\"8dc1ce3\" data-element_type=\"container\" data-e-type=\"container\">\n\t\t\t\t<div class=\"elementor-element elementor-element-70a35a5 elementor-widget elementor-widget-image\" data-id=\"70a35a5\" data-element_type=\"widget\" data-e-type=\"widget\" data-widget_type=\"image.default\">\n\t\t\t\t<div class=\"elementor-widget-container\">\n\t\t\t\t\t\t\t\t\t\t\t\t\t\t\t<img decoding=\"async\" src=\"https:\/\/www.torre-pro.com\/wp-content\/uploads\/2024\/02\/IMG_1634_batcheditor_fotor.jpg\" title=\"IMG_1634_batcheditor_fotor\" alt=\"IMG_1634_batcheditor_fotor\" loading=\"lazy\" \/>\t\t\t\t\t\t\t\t\t\t\t\t\t\t\t<\/div>\n\t\t\t\t<\/div>\n\t\t\t\t<\/div>\n\t\t<div class=\"elementor-element elementor-element-15132dd e-con-full e-flex e-con e-child\" data-id=\"15132dd\" data-element_type=\"container\" data-e-type=\"container\">\n\t\t<div class=\"elementor-element elementor-element-b0c505a e-flex e-con-boxed e-con e-child\" data-id=\"b0c505a\" data-element_type=\"container\" data-e-type=\"container\">\n\t\t\t\t\t<div class=\"e-con-inner\">\n\t\t\t\t<div class=\"elementor-element elementor-element-f6c532a elementor-widget elementor-widget-heading\" data-id=\"f6c532a\" data-element_type=\"widget\" data-e-type=\"widget\" data-widget_type=\"heading.default\">\n\t\t\t\t<div class=\"elementor-widget-container\">\n\t\t\t\t\t<h5 class=\"elementor-heading-title elementor-size-default\">Technologie num\u00e9rique<\/h5>\t\t\t\t<\/div>\n\t\t\t\t<\/div>\n\t\t\t\t\t<\/div>\n\t\t\t\t<\/div>\n\t\t<div class=\"elementor-element elementor-element-2a2ff6d e-flex e-con-boxed e-con e-child\" data-id=\"2a2ff6d\" data-element_type=\"container\" data-e-type=\"container\">\n\t\t\t\t\t<div class=\"e-con-inner\">\n\t\t\t\t<div class=\"elementor-element elementor-element-fc4c3e4 elementor-widget elementor-widget-text-editor\" data-id=\"fc4c3e4\" data-element_type=\"widget\" data-e-type=\"widget\" data-widget_type=\"text-editor.default\">\n\t\t\t\t<div class=\"elementor-widget-container\">\n\t\t\t\t\t\t\t\t\t<p>Avec plusieurs jets d\u2019eau et machines num\u00e9riques, nous sommes \u00e9quip\u00e9s pour r\u00e9pondre aux demandes les plus exigeantes.<\/p>\t\t\t\t\t\t\t\t<\/div>\n\t\t\t\t<\/div>\n\t\t\t\t\t<\/div>\n\t\t\t\t<\/div>\n\t\t\t\t<\/div>\n\t\t\t\t\t<\/div>\n\t\t\t\t<\/div>\n\t\t<div class=\"elementor-element elementor-element-7280c1b e-flex e-con-boxed e-con e-parent\" data-id=\"7280c1b\" data-element_type=\"container\" data-e-type=\"container\" data-settings=\"{&quot;background_background&quot;:&quot;classic&quot;}\">\n\t\t\t\t\t<div class=\"e-con-inner\">\n\t\t<div class=\"elementor-element elementor-element-e68b218 e-con-full e-flex e-con e-child\" data-id=\"e68b218\" data-element_type=\"container\" data-e-type=\"container\">\n\t\t\t\t<div class=\"elementor-element elementor-element-e3f1d4e elementor-widget elementor-widget-image\" data-id=\"e3f1d4e\" data-element_type=\"widget\" data-e-type=\"widget\" data-widget_type=\"image.default\">\n\t\t\t\t<div class=\"elementor-widget-container\">\n\t\t\t\t\t\t\t\t\t\t\t\t\t\t\t<img decoding=\"async\" src=\"https:\/\/www.torre-pro.com\/wp-content\/uploads\/2024\/02\/IMG_1633_batcheditor_fotor.jpg\" title=\"IMG_1633_batcheditor_fotor\" alt=\"IMG_1633_batcheditor_fotor\" loading=\"lazy\" \/>\t\t\t\t\t\t\t\t\t\t\t\t\t\t\t<\/div>\n\t\t\t\t<\/div>\n\t\t\t\t<\/div>\n\t\t<div class=\"elementor-element elementor-element-b7e24d6 e-con-full e-flex e-con e-child\" data-id=\"b7e24d6\" data-element_type=\"container\" data-e-type=\"container\">\n\t\t<div class=\"elementor-element elementor-element-be7c15d e-flex e-con-boxed e-con e-child\" data-id=\"be7c15d\" data-element_type=\"container\" data-e-type=\"container\">\n\t\t\t\t\t<div class=\"e-con-inner\">\n\t\t\t\t<div class=\"elementor-element elementor-element-2e52d64 elementor-widget elementor-widget-heading\" data-id=\"2e52d64\" data-element_type=\"widget\" data-e-type=\"widget\" data-widget_type=\"heading.default\">\n\t\t\t\t<div class=\"elementor-widget-container\">\n\t\t\t\t\t<h5 class=\"elementor-heading-title elementor-size-default\">Polissage \u00e0 l'eau<\/h5>\t\t\t\t<\/div>\n\t\t\t\t<\/div>\n\t\t\t\t\t<\/div>\n\t\t\t\t<\/div>\n\t\t<div class=\"elementor-element elementor-element-f7879cc e-flex e-con-boxed e-con e-child\" data-id=\"f7879cc\" data-element_type=\"container\" data-e-type=\"container\">\n\t\t\t\t\t<div class=\"e-con-inner\">\n\t\t\t\t<div class=\"elementor-element elementor-element-62c39d7 elementor-widget elementor-widget-text-editor\" data-id=\"62c39d7\" data-element_type=\"widget\" data-e-type=\"widget\" data-widget_type=\"text-editor.default\">\n\t\t\t\t<div class=\"elementor-widget-container\">\n\t\t\t\t\t\t\t\t\t<p>Pour avoir un vrai polissage qui dure dans le temps, nous polissons uniquement \u00e0 l&rsquo;eau.<\/p><p>\u00a0<\/p>\t\t\t\t\t\t\t\t<\/div>\n\t\t\t\t<\/div>\n\t\t\t\t\t<\/div>\n\t\t\t\t<\/div>\n\t\t\t\t<\/div>\n\t\t\t\t\t<\/div>\n\t\t\t\t<\/div>\n\t\t\t\t<\/div>\n\t\t","protected":false},"excerpt":{"rendered":"<p>NOTRE SERVICE QUALIT\u00e9 TORRE, UN TRAVAIL TECHNOLOGIQUE ET ARTISANAL Du choix de la pierre jusqu\u2019\u00e0 son installation chez le client, notre \u00e9quipe [&hellip;]<\/p>\n","protected":false},"author":1,"featured_media":0,"parent":0,"menu_order":0,"comment_status":"closed","ping_status":"closed","template":"elementor_header_footer","meta":{"footnotes":""},"class_list":["post-3849","page","type-page","status-publish","hentry"],"_links":{"self":[{"href":"https:\/\/www.torre-pro.com\/index.php\/wp-json\/wp\/v2\/pages\/3849","targetHints":{"allow":["GET"]}}],"collection":[{"href":"https:\/\/www.torre-pro.com\/index.php\/wp-json\/wp\/v2\/pages"}],"about":[{"href":"https:\/\/www.torre-pro.com\/index.php\/wp-json\/wp\/v2\/types\/page"}],"author":[{"embeddable":true,"href":"https:\/\/www.torre-pro.com\/index.php\/wp-json\/wp\/v2\/users\/1"}],"replies":[{"embeddable":true,"href":"https:\/\/www.torre-pro.com\/index.php\/wp-json\/wp\/v2\/comments?post=3849"}],"version-history":[{"count":19,"href":"https:\/\/www.torre-pro.com\/index.php\/wp-json\/wp\/v2\/pages\/3849\/revisions"}],"predecessor-version":[{"id":4132,"href":"https:\/\/www.torre-pro.com\/index.php\/wp-json\/wp\/v2\/pages\/3849\/revisions\/4132"}],"wp:attachment":[{"href":"https:\/\/www.torre-pro.com\/index.php\/wp-json\/wp\/v2\/media?parent=3849"}],"curies":[{"name":"wp","href":"https:\/\/api.w.org\/{rel}","templated":true}]}}