{"id":33,"date":"2023-12-15T15:10:36","date_gmt":"2023-12-15T14:10:36","guid":{"rendered":"https:\/\/www.torre-pro.com\/?page_id=33"},"modified":"2024-04-29T12:00:07","modified_gmt":"2024-04-29T10:00:07","slug":"qualite","status":"publish","type":"page","link":"https:\/\/www.torre-pro.com\/index.php\/qualite\/","title":{"rendered":"A propos"},"content":{"rendered":"\t\t<div data-elementor-type=\"wp-page\" data-elementor-id=\"33\" class=\"elementor elementor-33\">\n\t\t\t\t<div class=\"elementor-element elementor-element-8ae7348 e-flex e-con-boxed e-con e-parent\" data-id=\"8ae7348\" data-element_type=\"container\" data-e-type=\"container\">\n\t\t\t\t\t<div class=\"e-con-inner\">\n\t\t\t\t<div class=\"elementor-element elementor-element-3eae45e elementor-widget elementor-widget-spacer\" data-id=\"3eae45e\" data-element_type=\"widget\" data-e-type=\"widget\" data-widget_type=\"spacer.default\">\n\t\t\t\t<div class=\"elementor-widget-container\">\n\t\t\t\t\t\t\t<div class=\"elementor-spacer\">\n\t\t\t<div class=\"elementor-spacer-inner\"><\/div>\n\t\t<\/div>\n\t\t\t\t\t\t<\/div>\n\t\t\t\t<\/div>\n\t\t\t\t\t<\/div>\n\t\t\t\t<\/div>\n\t\t<div class=\"elementor-element elementor-element-94dcf20 e-flex e-con-boxed e-con e-parent\" data-id=\"94dcf20\" data-element_type=\"container\" data-e-type=\"container\">\n\t\t\t\t\t<div class=\"e-con-inner\">\n\t\t<div class=\"elementor-element elementor-element-9402813 e-con-full e-flex e-con e-child\" data-id=\"9402813\" data-element_type=\"container\" data-e-type=\"container\">\n\t\t\t\t<div class=\"elementor-element elementor-element-27dbfc7 elementor-widget elementor-widget-image\" data-id=\"27dbfc7\" data-element_type=\"widget\" data-e-type=\"widget\" data-widget_type=\"image.default\">\n\t\t\t\t<div class=\"elementor-widget-container\">\n\t\t\t\t\t\t\t\t\t\t\t\t\t\t\t<img fetchpriority=\"high\" decoding=\"async\" width=\"1024\" height=\"683\" src=\"https:\/\/www.torre-pro.com\/wp-content\/uploads\/2024\/02\/iStock-1487243932-1024x683.jpg\" class=\"attachment-large size-large wp-image-3961\" alt=\"\" srcset=\"https:\/\/www.torre-pro.com\/wp-content\/uploads\/2024\/02\/iStock-1487243932-1024x683.jpg 1024w, https:\/\/www.torre-pro.com\/wp-content\/uploads\/2024\/02\/iStock-1487243932-300x200.jpg 300w, https:\/\/www.torre-pro.com\/wp-content\/uploads\/2024\/02\/iStock-1487243932-768x512.jpg 768w, https:\/\/www.torre-pro.com\/wp-content\/uploads\/2024\/02\/iStock-1487243932-1000x667.jpg 1000w, https:\/\/www.torre-pro.com\/wp-content\/uploads\/2024\/02\/iStock-1487243932-230x153.jpg 230w, https:\/\/www.torre-pro.com\/wp-content\/uploads\/2024\/02\/iStock-1487243932-350x233.jpg 350w, https:\/\/www.torre-pro.com\/wp-content\/uploads\/2024\/02\/iStock-1487243932-480x320.jpg 480w, https:\/\/www.torre-pro.com\/wp-content\/uploads\/2024\/02\/iStock-1487243932.jpg 1499w\" sizes=\"(max-width: 1024px) 100vw, 1024px\" \/>\t\t\t\t\t\t\t\t\t\t\t\t\t\t\t<\/div>\n\t\t\t\t<\/div>\n\t\t\t\t<\/div>\n\t\t<div class=\"elementor-element elementor-element-8bf4811 e-con-full e-flex e-con e-child\" data-id=\"8bf4811\" data-element_type=\"container\" data-e-type=\"container\">\n\t\t\t\t<div class=\"elementor-element elementor-element-cb3511c elementor-widget elementor-widget-heading\" data-id=\"cb3511c\" data-element_type=\"widget\" data-e-type=\"widget\" data-widget_type=\"heading.default\">\n\t\t\t\t<div class=\"elementor-widget-container\">\n\t\t\t\t\t<h6 class=\"elementor-heading-title elementor-size-default\">Torre, un travail artisanal de qualit\u00e9<\/h6>\t\t\t\t<\/div>\n\t\t\t\t<\/div>\n\t\t\t\t<div class=\"elementor-element elementor-element-5cef78a elementor-widget elementor-widget-heading\" data-id=\"5cef78a\" data-element_type=\"widget\" data-e-type=\"widget\" data-widget_type=\"heading.default\">\n\t\t\t\t<div class=\"elementor-widget-container\">\n\t\t\t\t\t<span class=\"elementor-heading-title elementor-size-default\">Du choix de la pierre \u00e0 la livraison jusqu'\u00e0 la porte du client, notre \u00e9quipe met tout en \u0153uvre afin de d\u00e9livrer un produit de qualit\u00e9 sup\u00e9rieure.<\/span>\t\t\t\t<\/div>\n\t\t\t\t<\/div>\n\t\t\t\t<div class=\"elementor-element elementor-element-f43bf8c elementor-align-center elementor-widget elementor-widget-button\" data-id=\"f43bf8c\" data-element_type=\"widget\" data-e-type=\"widget\" data-widget_type=\"button.default\">\n\t\t\t\t<div class=\"elementor-widget-container\">\n\t\t\t\t\t\t\t\t\t<div class=\"elementor-button-wrapper\">\n\t\t\t\t\t<a class=\"elementor-button elementor-button-link elementor-size-sm elementor-animation-grow\" href=\"https:\/\/www.torre-pro.com\/index.php\/service-qualite\/\" target=\"_blank\">\n\t\t\t\t\t\t<span class=\"elementor-button-content-wrapper\">\n\t\t\t\t\t\t\t\t\t<span class=\"elementor-button-text\">En savoir plus<\/span>\n\t\t\t\t\t<\/span>\n\t\t\t\t\t<\/a>\n\t\t\t\t<\/div>\n\t\t\t\t\t\t\t\t<\/div>\n\t\t\t\t<\/div>\n\t\t\t\t<\/div>\n\t\t\t\t\t<\/div>\n\t\t\t\t<\/div>\n\t\t<div class=\"elementor-element elementor-element-19ce4e0 e-flex e-con-boxed e-con e-parent\" data-id=\"19ce4e0\" data-element_type=\"container\" data-e-type=\"container\">\n\t\t\t\t\t<div class=\"e-con-inner\">\n\t\t<div class=\"elementor-element elementor-element-db29f5d e-con-full e-flex e-con e-child\" data-id=\"db29f5d\" data-element_type=\"container\" data-e-type=\"container\">\n\t\t\t\t<div class=\"elementor-element elementor-element-27365bc elementor-widget elementor-widget-image\" data-id=\"27365bc\" data-element_type=\"widget\" data-e-type=\"widget\" data-widget_type=\"image.default\">\n\t\t\t\t<div class=\"elementor-widget-container\">\n\t\t\t\t\t\t\t\t\t\t\t\t\t\t\t<img decoding=\"async\" width=\"1024\" height=\"683\" src=\"https:\/\/www.torre-pro.com\/wp-content\/uploads\/2024\/02\/iStock-1341458293-1024x683.jpg\" class=\"attachment-large size-large wp-image-3980\" alt=\"\" srcset=\"https:\/\/www.torre-pro.com\/wp-content\/uploads\/2024\/02\/iStock-1341458293-1024x683.jpg 1024w, https:\/\/www.torre-pro.com\/wp-content\/uploads\/2024\/02\/iStock-1341458293-300x200.jpg 300w, https:\/\/www.torre-pro.com\/wp-content\/uploads\/2024\/02\/iStock-1341458293-768x512.jpg 768w, https:\/\/www.torre-pro.com\/wp-content\/uploads\/2024\/02\/iStock-1341458293-1000x667.jpg 1000w, https:\/\/www.torre-pro.com\/wp-content\/uploads\/2024\/02\/iStock-1341458293-230x153.jpg 230w, https:\/\/www.torre-pro.com\/wp-content\/uploads\/2024\/02\/iStock-1341458293-350x233.jpg 350w, https:\/\/www.torre-pro.com\/wp-content\/uploads\/2024\/02\/iStock-1341458293-480x320.jpg 480w, https:\/\/www.torre-pro.com\/wp-content\/uploads\/2024\/02\/iStock-1341458293.jpg 1500w\" sizes=\"(max-width: 1024px) 100vw, 1024px\" \/>\t\t\t\t\t\t\t\t\t\t\t\t\t\t\t<\/div>\n\t\t\t\t<\/div>\n\t\t\t\t<\/div>\n\t\t<div class=\"elementor-element elementor-element-fd84e60 e-con-full e-flex e-con e-child\" data-id=\"fd84e60\" data-element_type=\"container\" data-e-type=\"container\">\n\t\t\t\t<div class=\"elementor-element elementor-element-9e5e108 elementor-widget elementor-widget-heading\" data-id=\"9e5e108\" data-element_type=\"widget\" data-e-type=\"widget\" data-widget_type=\"heading.default\">\n\t\t\t\t<div class=\"elementor-widget-container\">\n\t\t\t\t\t<h6 class=\"elementor-heading-title elementor-size-default\">SOUCIEUX DE L'ENVIRONNEMENT<\/h6>\t\t\t\t<\/div>\n\t\t\t\t<\/div>\n\t\t\t\t<div class=\"elementor-element elementor-element-d3f4236 elementor-widget elementor-widget-heading\" data-id=\"d3f4236\" data-element_type=\"widget\" data-e-type=\"widget\" data-widget_type=\"heading.default\">\n\t\t\t\t<div class=\"elementor-widget-container\">\n\t\t\t\t\t<span class=\"elementor-heading-title elementor-size-default\">L'optimisation du mat\u00e9riau commence d\u00e8s le dessin technique des plans de travail.<\/span>\t\t\t\t<\/div>\n\t\t\t\t<\/div>\n\t\t\t\t<div class=\"elementor-element elementor-element-f26f777 elementor-align-center elementor-widget elementor-widget-button\" data-id=\"f26f777\" data-element_type=\"widget\" data-e-type=\"widget\" data-widget_type=\"button.default\">\n\t\t\t\t<div class=\"elementor-widget-container\">\n\t\t\t\t\t\t\t\t\t<div class=\"elementor-button-wrapper\">\n\t\t\t\t\t<a class=\"elementor-button elementor-button-link elementor-size-sm elementor-animation-grow\" href=\"https:\/\/www.torre-pro.com\/index.php\/politique-environnementale-energetique\/\" target=\"_blank\">\n\t\t\t\t\t\t<span class=\"elementor-button-content-wrapper\">\n\t\t\t\t\t\t\t\t\t<span class=\"elementor-button-text\">Politique environnementale et \u00e9nerg\u00e9tique<\/span>\n\t\t\t\t\t<\/span>\n\t\t\t\t\t<\/a>\n\t\t\t\t<\/div>\n\t\t\t\t\t\t\t\t<\/div>\n\t\t\t\t<\/div>\n\t\t\t\t<\/div>\n\t\t\t\t\t<\/div>\n\t\t\t\t<\/div>\n\t\t<div class=\"elementor-element elementor-element-aaf8d68 e-flex e-con-boxed e-con e-parent\" data-id=\"aaf8d68\" data-element_type=\"container\" data-e-type=\"container\">\n\t\t\t\t\t<div class=\"e-con-inner\">\n\t\t<div class=\"elementor-element elementor-element-09a031f e-con-full e-flex e-con e-child\" data-id=\"09a031f\" data-element_type=\"container\" data-e-type=\"container\">\n\t\t\t\t<div class=\"elementor-element elementor-element-532abfe elementor-widget elementor-widget-image\" data-id=\"532abfe\" data-element_type=\"widget\" data-e-type=\"widget\" data-widget_type=\"image.default\">\n\t\t\t\t<div class=\"elementor-widget-container\">\n\t\t\t\t\t\t\t\t\t\t\t\t\t\t\t<img decoding=\"async\" width=\"1024\" height=\"512\" src=\"https:\/\/www.torre-pro.com\/wp-content\/uploads\/2024\/02\/iStock-1469378409-modified-46543023-447e-4529-a929-afee44949b69-1024x512.png\" class=\"attachment-large size-large wp-image-3969\" alt=\"\" srcset=\"https:\/\/www.torre-pro.com\/wp-content\/uploads\/2024\/02\/iStock-1469378409-modified-46543023-447e-4529-a929-afee44949b69-1024x512.png 1024w, https:\/\/www.torre-pro.com\/wp-content\/uploads\/2024\/02\/iStock-1469378409-modified-46543023-447e-4529-a929-afee44949b69-300x150.png 300w, https:\/\/www.torre-pro.com\/wp-content\/uploads\/2024\/02\/iStock-1469378409-modified-46543023-447e-4529-a929-afee44949b69-768x384.png 768w, https:\/\/www.torre-pro.com\/wp-content\/uploads\/2024\/02\/iStock-1469378409-modified-46543023-447e-4529-a929-afee44949b69-1536x768.png 1536w, https:\/\/www.torre-pro.com\/wp-content\/uploads\/2024\/02\/iStock-1469378409-modified-46543023-447e-4529-a929-afee44949b69-1000x500.png 1000w, https:\/\/www.torre-pro.com\/wp-content\/uploads\/2024\/02\/iStock-1469378409-modified-46543023-447e-4529-a929-afee44949b69-230x115.png 230w, https:\/\/www.torre-pro.com\/wp-content\/uploads\/2024\/02\/iStock-1469378409-modified-46543023-447e-4529-a929-afee44949b69-350x175.png 350w, https:\/\/www.torre-pro.com\/wp-content\/uploads\/2024\/02\/iStock-1469378409-modified-46543023-447e-4529-a929-afee44949b69-480x240.png 480w, https:\/\/www.torre-pro.com\/wp-content\/uploads\/2024\/02\/iStock-1469378409-modified-46543023-447e-4529-a929-afee44949b69.png 2000w\" sizes=\"(max-width: 1024px) 100vw, 1024px\" \/>\t\t\t\t\t\t\t\t\t\t\t\t\t\t\t<\/div>\n\t\t\t\t<\/div>\n\t\t\t\t<\/div>\n\t\t<div class=\"elementor-element elementor-element-05e34eb e-con-full e-flex e-con e-child\" data-id=\"05e34eb\" data-element_type=\"container\" data-e-type=\"container\">\n\t\t\t\t<div class=\"elementor-element elementor-element-b41719c elementor-widget elementor-widget-heading\" data-id=\"b41719c\" data-element_type=\"widget\" data-e-type=\"widget\" data-widget_type=\"heading.default\">\n\t\t\t\t<div class=\"elementor-widget-container\">\n\t\t\t\t\t<h6 class=\"elementor-heading-title elementor-size-default\">Acteurs sur le march\u00e9 europ\u00e9en<\/h6>\t\t\t\t<\/div>\n\t\t\t\t<\/div>\n\t\t\t\t<div class=\"elementor-element elementor-element-71e6a98 elementor-widget elementor-widget-heading\" data-id=\"71e6a98\" data-element_type=\"widget\" data-e-type=\"widget\" data-widget_type=\"heading.default\">\n\t\t\t\t<div class=\"elementor-widget-container\">\n\t\t\t\t\t<span class=\"elementor-heading-title elementor-size-default\">Pr\u00e9sents sur le march\u00e9 europ\u00e9en depuis des d\u00e9cennies, la recherche et le d\u00e9veloppement restent notre priorit\u00e9.<\/span>\t\t\t\t<\/div>\n\t\t\t\t<\/div>\n\t\t\t\t<div class=\"elementor-element elementor-element-c55aca0 elementor-align-center elementor-widget elementor-widget-button\" data-id=\"c55aca0\" data-element_type=\"widget\" data-e-type=\"widget\" data-widget_type=\"button.default\">\n\t\t\t\t<div class=\"elementor-widget-container\">\n\t\t\t\t\t\t\t\t\t<div class=\"elementor-button-wrapper\">\n\t\t\t\t\t<a class=\"elementor-button elementor-button-link elementor-size-sm elementor-animation-grow\" href=\"https:\/\/www.torre-pro.com\/index.php\/chiffres-cles\/\" target=\"_blank\">\n\t\t\t\t\t\t<span class=\"elementor-button-content-wrapper\">\n\t\t\t\t\t\t\t\t\t<span class=\"elementor-button-text\">Chiffres cl\u00e9s<\/span>\n\t\t\t\t\t<\/span>\n\t\t\t\t\t<\/a>\n\t\t\t\t<\/div>\n\t\t\t\t\t\t\t\t<\/div>\n\t\t\t\t<\/div>\n\t\t\t\t<\/div>\n\t\t\t\t\t<\/div>\n\t\t\t\t<\/div>\n\t\t<div class=\"elementor-element elementor-element-2a9b685 e-flex e-con-boxed e-con e-parent\" data-id=\"2a9b685\" data-element_type=\"container\" data-e-type=\"container\">\n\t\t\t\t\t<div class=\"e-con-inner\">\n\t\t<div class=\"elementor-element elementor-element-218b4f6 e-con-full e-flex e-con e-child\" data-id=\"218b4f6\" data-element_type=\"container\" data-e-type=\"container\">\n\t\t\t\t<div class=\"elementor-element elementor-element-03c6061 elementor-widget elementor-widget-image\" data-id=\"03c6061\" data-element_type=\"widget\" data-e-type=\"widget\" data-widget_type=\"image.default\">\n\t\t\t\t<div class=\"elementor-widget-container\">\n\t\t\t\t\t\t\t\t\t\t\t\t\t\t\t<img loading=\"lazy\" decoding=\"async\" width=\"300\" height=\"300\" src=\"https:\/\/www.torre-pro.com\/wp-content\/uploads\/2024\/02\/iStock-1411814275-300x300.jpg\" class=\"attachment-medium size-medium wp-image-3996\" alt=\"\" srcset=\"https:\/\/www.torre-pro.com\/wp-content\/uploads\/2024\/02\/iStock-1411814275-300x300.jpg 300w, https:\/\/www.torre-pro.com\/wp-content\/uploads\/2024\/02\/iStock-1411814275-150x150.jpg 150w, https:\/\/www.torre-pro.com\/wp-content\/uploads\/2024\/02\/iStock-1411814275-768x768.jpg 768w, https:\/\/www.torre-pro.com\/wp-content\/uploads\/2024\/02\/iStock-1411814275-230x230.jpg 230w, https:\/\/www.torre-pro.com\/wp-content\/uploads\/2024\/02\/iStock-1411814275-350x350.jpg 350w, https:\/\/www.torre-pro.com\/wp-content\/uploads\/2024\/02\/iStock-1411814275-480x480.jpg 480w, https:\/\/www.torre-pro.com\/wp-content\/uploads\/2024\/02\/iStock-1411814275.jpg 1000w\" sizes=\"(max-width: 300px) 100vw, 300px\" \/>\t\t\t\t\t\t\t\t\t\t\t\t\t\t\t<\/div>\n\t\t\t\t<\/div>\n\t\t\t\t<\/div>\n\t\t<div class=\"elementor-element elementor-element-fa5c05b e-con-full e-flex e-con e-child\" data-id=\"fa5c05b\" data-element_type=\"container\" data-e-type=\"container\">\n\t\t\t\t<div class=\"elementor-element elementor-element-ec31522 elementor-widget elementor-widget-heading\" data-id=\"ec31522\" data-element_type=\"widget\" data-e-type=\"widget\" data-widget_type=\"heading.default\">\n\t\t\t\t<div class=\"elementor-widget-container\">\n\t\t\t\t\t<h6 class=\"elementor-heading-title elementor-size-default\">Engag\u00e9s dans plusieurs programmes en europe<\/h6>\t\t\t\t<\/div>\n\t\t\t\t<\/div>\n\t\t\t\t<div class=\"elementor-element elementor-element-eddee3f elementor-widget elementor-widget-heading\" data-id=\"eddee3f\" data-element_type=\"widget\" data-e-type=\"widget\" data-widget_type=\"heading.default\">\n\t\t\t\t<div class=\"elementor-widget-container\">\n\t\t\t\t\t<span class=\"elementor-heading-title elementor-size-default\">Torre adh\u00e8re \u00e0 diff\u00e9rents programmes de d\u00e9veloppement en Europe.<\/span>\t\t\t\t<\/div>\n\t\t\t\t<\/div>\n\t\t\t\t<div class=\"elementor-element elementor-element-a974bb5 elementor-align-center elementor-widget elementor-widget-button\" data-id=\"a974bb5\" data-element_type=\"widget\" data-e-type=\"widget\" data-widget_type=\"button.default\">\n\t\t\t\t<div class=\"elementor-widget-container\">\n\t\t\t\t\t\t\t\t\t<div class=\"elementor-button-wrapper\">\n\t\t\t\t\t<a class=\"elementor-button elementor-button-link elementor-size-sm elementor-animation-grow\" href=\"https:\/\/www.torre-pro.com\/index.php\/programmes-europeens\/\" target=\"_blank\">\n\t\t\t\t\t\t<span class=\"elementor-button-content-wrapper\">\n\t\t\t\t\t\t\t\t\t<span class=\"elementor-button-text\">En savoir plus<\/span>\n\t\t\t\t\t<\/span>\n\t\t\t\t\t<\/a>\n\t\t\t\t<\/div>\n\t\t\t\t\t\t\t\t<\/div>\n\t\t\t\t<\/div>\n\t\t\t\t<\/div>\n\t\t\t\t\t<\/div>\n\t\t\t\t<\/div>\n\t\t\t\t<\/div>\n\t\t","protected":false},"excerpt":{"rendered":"<p>Torre, un travail artisanal de qualit\u00e9 Du choix de la pierre \u00e0 la livraison jusqu&rsquo;\u00e0 la porte du client, notre \u00e9quipe met [&hellip;]<\/p>\n","protected":false},"author":1,"featured_media":0,"parent":0,"menu_order":0,"comment_status":"closed","ping_status":"closed","template":"elementor_header_footer","meta":{"footnotes":""},"class_list":["post-33","page","type-page","status-publish","hentry"],"_links":{"self":[{"href":"https:\/\/www.torre-pro.com\/index.php\/wp-json\/wp\/v2\/pages\/33","targetHints":{"allow":["GET"]}}],"collection":[{"href":"https:\/\/www.torre-pro.com\/index.php\/wp-json\/wp\/v2\/pages"}],"about":[{"href":"https:\/\/www.torre-pro.com\/index.php\/wp-json\/wp\/v2\/types\/page"}],"author":[{"embeddable":true,"href":"https:\/\/www.torre-pro.com\/index.php\/wp-json\/wp\/v2\/users\/1"}],"replies":[{"embeddable":true,"href":"https:\/\/www.torre-pro.com\/index.php\/wp-json\/wp\/v2\/comments?post=33"}],"version-history":[{"count":279,"href":"https:\/\/www.torre-pro.com\/index.php\/wp-json\/wp\/v2\/pages\/33\/revisions"}],"predecessor-version":[{"id":4484,"href":"https:\/\/www.torre-pro.com\/index.php\/wp-json\/wp\/v2\/pages\/33\/revisions\/4484"}],"wp:attachment":[{"href":"https:\/\/www.torre-pro.com\/index.php\/wp-json\/wp\/v2\/media?parent=33"}],"curies":[{"name":"wp","href":"https:\/\/api.w.org\/{rel}","templated":true}]}}